{"id":2351,"date":"2026-02-11T14:00:28","date_gmt":"2026-02-11T13:00:28","guid":{"rendered":"https:\/\/electric.callfutur.com\/repair\/"},"modified":"2026-03-01T17:06:19","modified_gmt":"2026-03-01T16:06:19","slug":"repair","status":"publish","type":"page","link":"https:\/\/electric.callfutur.com\/fr\/repair\/","title":{"rendered":"REPARACI\u00d3N"},"content":{"rendered":"\t\t<div data-elementor-type=\"wp-post\" data-elementor-id=\"2351\" class=\"elementor elementor-2351 elementor-506\" data-elementor-post-type=\"page\">\n\t\t\t\t<div class=\"elementor-element elementor-element-627553f e-flex e-con-boxed e-con e-parent\" data-id=\"627553f\" data-element_type=\"container\" data-e-type=\"container\" data-settings=\"{&quot;background_background&quot;:&quot;classic&quot;,&quot;shape_divider_bottom&quot;:&quot;pyramids&quot;}\">\n\t\t\t\t\t<div class=\"e-con-inner\">\n\t\t\t\t<div class=\"elementor-shape elementor-shape-bottom\" aria-hidden=\"true\" data-negative=\"false\">\n\t\t\t<svg xmlns=\"http:\/\/www.w3.org\/2000\/svg\" viewBox=\"0 0 1000 100\" preserveAspectRatio=\"none\">\n\t<path class=\"elementor-shape-fill\" d=\"M761.9,44.1L643.1,27.2L333.8,98L0,3.8V0l1000,0v3.9\"\/>\n<\/svg>\t\t<\/div>\n\t\t<div class=\"elementor-element elementor-element-422be9b e-con-full e-flex e-con e-child\" data-id=\"422be9b\" data-element_type=\"container\" data-e-type=\"container\">\n\t\t\t\t<div class=\"elementor-element elementor-element-e4b4478 elementor-widget elementor-widget-heading\" data-id=\"e4b4478\" data-element_type=\"widget\" data-e-type=\"widget\" data-widget_type=\"heading.default\">\n\t\t\t\t\t<h1 class=\"elementor-heading-title elementor-size-default\">R\u00c9PARATION DE V\u00c9HICULES \u00c9LECTRIQUES<\/h1>\t\t\t\t<\/div>\n\t\t\t\t\t\t\t\t<p class=\"e-2c6fd65-d83a75c e-paragraph-base\" data-interaction-id=\"2c6fd65\"  data-e-type=\"widget\" data-id=\"2c6fd65\">\n\t\t\t\t\t\t\t\tDes solutions rapides et fiables pour maintenir votre v\u00e9hicule \u00e9lectrique toujours en parfait \u00e9tat de fonctionnement.\n\t\t\t\t\t<\/p>\n\t\t\t\t<div class=\"elementor-element elementor-element-88379d1 elementor-align-center elementor-widget elementor-widget-button\" data-id=\"88379d1\" data-element_type=\"widget\" data-e-type=\"widget\" data-widget_type=\"button.default\">\n\t\t\t\t\t\t\t\t\t\t<a class=\"elementor-button elementor-button-link elementor-size-sm\" href=\"https:\/\/electric.callfutur.com\/fr\/contacto\/\">\n\t\t\t\t\t\t<span class=\"elementor-button-content-wrapper\">\n\t\t\t\t\t\t\t\t\t<span class=\"elementor-button-text\">Demandez votre devis<\/span>\n\t\t\t\t\t<\/span>\n\t\t\t\t\t<\/a>\n\t\t\t\t\t\t\t\t<\/div>\n\t\t\t\t<\/div>\n\t\t\t\t\t<\/div>\n\t\t\t\t<\/div>\n\t\t<div class=\"elementor-element elementor-element-577fc67 e-flex e-con-boxed e-con e-parent\" data-id=\"577fc67\" data-element_type=\"container\" data-e-type=\"container\">\n\t\t\t\t\t<div class=\"e-con-inner\">\n\t\t<div class=\"elementor-element elementor-element-5ef6334 e-con-full e-flex e-con e-child\" data-id=\"5ef6334\" data-element_type=\"container\" data-e-type=\"container\">\n\t\t\t\t<div class=\"elementor-element elementor-element-c4559e6 elementor-widget elementor-widget-heading\" data-id=\"c4559e6\" data-element_type=\"widget\" data-e-type=\"widget\" data-widget_type=\"heading.default\">\n\t\t\t\t\t<h2 class=\"elementor-heading-title elementor-size-default\">Votre v\u00e9hicule entre des mains expertes<\/h2>\t\t\t\t<\/div>\n\t\t\t\t\t\t\t\t<p class=\"e-paragraph-base\" data-interaction-id=\"47903f0\"  data-e-type=\"widget\" data-id=\"47903f0\">\n\t\t\t\t\t\t\t\tEn <strong>Electric Motors<\/strong>, nous sommes sp\u00e9cialis\u00e9s dans la fourniture d\u2019un service complet et professionnel de <strong>r\u00e9paration de v\u00e9hicules \u00e9lectriques<\/strong>, con\u00e7u pour r\u00e9pondre \u00e0 tous vos besoins et garantir une s\u00e9curit\u00e9 et une efficacit\u00e9 maximales. Notre \u00e9quipe de techniciens hautement qualifi\u00e9s effectue un <strong>diagnostic complet et pr\u00e9cis<\/strong> de chaque v\u00e9hicule, identifiant toute panne ou usure et proposant des solutions rapides et efficaces. De plus, nous offrons des <strong>r\u00e9parations adapt\u00e9es \u00e0 tous types de v\u00e9hicules \u00e9lectriques<\/strong>, des trottinettes et v\u00e9los \u00e9lectriques aux scooters et e-choppers, en veillant \u00e0 ce que chaque intervention respecte les normes de qualit\u00e9 les plus \u00e9lev\u00e9es. Nous nous engageons \u00e0 vous offrir une <strong>attention personnalis\u00e9e<\/strong>, vous accompagnant \u00e0 chaque \u00e9tape du processus et vous fournissant des devis clairs et sans surprise. Notre objectif est que votre exp\u00e9rience avec <strong>Electric Motors<\/strong> soit <strong>s\u00e9curis\u00e9e, confortable et sans complications<\/strong>, afin que vous puissiez profiter de votre v\u00e9hicule \u00e9lectrique en toute confiance et tranquillit\u00e9, sachant qu\u2019il est entre les mains d\u2019experts.\n\t\t\t\t\t<\/p>\n\t\t\t\t<div class=\"elementor-element elementor-element-c9cb582 elementor-widget elementor-widget-button\" data-id=\"c9cb582\" data-element_type=\"widget\" data-e-type=\"widget\" data-widget_type=\"button.default\">\n\t\t\t\t\t\t\t\t\t\t<a class=\"elementor-button elementor-button-link elementor-size-sm\" href=\"https:\/\/electric.callfutur.com\/fr\/contacto\/\">\n\t\t\t\t\t\t<span class=\"elementor-button-content-wrapper\">\n\t\t\t\t\t\t\t\t\t<span class=\"elementor-button-text\">Envoyer le message<\/span>\n\t\t\t\t\t<\/span>\n\t\t\t\t\t<\/a>\n\t\t\t\t\t\t\t\t<\/div>\n\t\t\t\t<\/div>\n\t\t<div class=\"elementor-element elementor-element-11ec408 e-con-full e-flex e-con e-child\" data-id=\"11ec408\" data-element_type=\"container\" data-e-type=\"container\" data-settings=\"{&quot;background_background&quot;:&quot;slideshow&quot;,&quot;background_slideshow_slide_transition&quot;:&quot;slide_down&quot;,&quot;background_slideshow_gallery&quot;:[],&quot;background_slideshow_slide_duration&quot;:5000,&quot;background_slideshow_transition_duration&quot;:500}\">\n\t\t\t\t\t\t\t\n\t\t\t<img class=\"e-image-base e-d6f125a-4abb7c1\" \n\t\t\t\t\tdata-interaction-id=\"d6f125a\" \n\t\t \n\t\t data-e-type=\"widget\" data-id=\"d6f125a\"\n\t\t\t\t\t\t\t\t\tid=\"2345\"\n\t\t\t\t\t\t\t\t\t\t\t\tsrc=\"https:\/\/electric.callfutur.com\/wp-content\/uploads\/2026\/02\/casual-male-posing-with-electric-scooter-1.webp\"\n\t\t\t\t\t\t\t\t\t\t\t\twidth=\"640\"\n\t\t\t\t\t\t\t\t\t\t\t\theight=\"959\"\n\t\t\t\t\t\t\t\t\t\t\t\tsrcset=\"https:\/\/electric.callfutur.com\/wp-content\/uploads\/2026\/02\/casual-male-posing-with-electric-scooter-1.webp 640w, https:\/\/electric.callfutur.com\/wp-content\/uploads\/2026\/02\/casual-male-posing-with-electric-scooter-1-200x300.webp 200w\"\n\t\t\t\t\t\t\t\t\t\t\t\talt=\"\"\n\t\t\t\t\t\t\/>\n\t\t\t\t\t<\/div>\n\t\t\t\t\t<\/div>\n\t\t\t\t<\/div>\n\t\t<div class=\"elementor-element elementor-element-ad9132b e-flex e-con-boxed e-con e-parent\" data-id=\"ad9132b\" data-element_type=\"container\" data-e-type=\"container\" data-settings=\"{&quot;background_background&quot;:&quot;classic&quot;,&quot;shape_divider_top&quot;:&quot;pyramids&quot;}\">\n\t\t\t\t\t<div class=\"e-con-inner\">\n\t\t\t\t<div class=\"elementor-shape elementor-shape-top\" aria-hidden=\"true\" data-negative=\"false\">\n\t\t\t<svg xmlns=\"http:\/\/www.w3.org\/2000\/svg\" viewBox=\"0 0 1000 100\" preserveAspectRatio=\"none\">\n\t<path class=\"elementor-shape-fill\" d=\"M761.9,44.1L643.1,27.2L333.8,98L0,3.8V0l1000,0v3.9\"\/>\n<\/svg>\t\t<\/div>\n\t\t<div class=\"elementor-element elementor-element-b8387a7 e-con-full e-flex e-con e-child\" data-id=\"b8387a7\" data-element_type=\"container\" data-e-type=\"container\">\n\t\t\t\t<div class=\"elementor-element elementor-element-6e0e5cf elementor-widget elementor-widget-heading\" data-id=\"6e0e5cf\" data-element_type=\"widget\" data-e-type=\"widget\" data-widget_type=\"heading.default\">\n\t\t\t\t\t<h5 class=\"elementor-heading-title elementor-size-default\">Electric Motors<\/h5>\t\t\t\t<\/div>\n\t\t\t\t<div class=\"elementor-element elementor-element-4569e92 elementor-widget elementor-widget-heading\" data-id=\"4569e92\" data-element_type=\"widget\" data-e-type=\"widget\" data-widget_type=\"heading.default\">\n\t\t\t\t\t<h2 class=\"elementor-heading-title elementor-size-default\">Nous sommes sp\u00e9cialis\u00e9s dans la r\u00e9paration de v\u00e9hicules \u00e9lectriques<\/h2>\t\t\t\t<\/div>\n\t\t<div class=\"elementor-element elementor-element-df3dbbe e-con-full e-flex e-con e-child\" data-id=\"df3dbbe\" data-element_type=\"container\" data-e-type=\"container\" data-settings=\"{&quot;background_background&quot;:&quot;classic&quot;}\">\n\t\t<div class=\"elementor-element elementor-element-2c74636 e-con-full e-flex e-con e-child\" data-id=\"2c74636\" data-element_type=\"container\" data-e-type=\"container\" data-settings=\"{&quot;background_background&quot;:&quot;classic&quot;}\">\n\t\t\t\t<div class=\"elementor-element elementor-element-a51b40a elementor-widget elementor-widget-image-box\" data-id=\"a51b40a\" data-element_type=\"widget\" data-e-type=\"widget\" data-widget_type=\"image-box.default\">\n\t\t\t\t\t<div class=\"elementor-image-box-wrapper\"><div class=\"elementor-image-box-content\"><h4 class=\"elementor-image-box-title\">Diagnostic complet<\/h4><p class=\"elementor-image-box-description\">Nous d\u00e9tectons rapidement toute panne et vous proposons un plan de r\u00e9paration clair et transparent.<\/p><\/div><\/div>\t\t\t\t<\/div>\n\t\t\t\t<div class=\"elementor-element elementor-element-72ae45f elementor-widget-divider--view-line elementor-widget elementor-widget-divider\" data-id=\"72ae45f\" data-element_type=\"widget\" data-e-type=\"widget\" data-widget_type=\"divider.default\">\n\t\t\t\t\t\t\t<div class=\"elementor-divider\">\n\t\t\t<span class=\"elementor-divider-separator\">\n\t\t\t\t\t\t<\/span>\n\t\t<\/div>\n\t\t\t\t\t\t<\/div>\n\t\t\t\t<div class=\"elementor-element elementor-element-f63c824 elementor-widget elementor-widget-image-box\" data-id=\"f63c824\" data-element_type=\"widget\" data-e-type=\"widget\" data-widget_type=\"image-box.default\">\n\t\t\t\t\t<div class=\"elementor-image-box-wrapper\"><div class=\"elementor-image-box-content\"><h4 class=\"elementor-image-box-title\">Devis personnalis\u00e9s<\/h4><p class=\"elementor-image-box-description\">Recevez un devis gratuit adapt\u00e9 \u00e0 votre v\u00e9hicule et \u00e0 vos besoins, sans surprises.<\/p><\/div><\/div>\t\t\t\t<\/div>\n\t\t\t\t<\/div>\n\t\t<div class=\"elementor-element elementor-element-70db6be e-con-full e-flex e-con e-child\" data-id=\"70db6be\" data-element_type=\"container\" data-e-type=\"container\" data-settings=\"{&quot;background_background&quot;:&quot;classic&quot;}\">\n\t\t\t\t<div class=\"elementor-element elementor-element-ad5b745 elementor-widget elementor-widget-image-box\" data-id=\"ad5b745\" data-element_type=\"widget\" data-e-type=\"widget\" data-widget_type=\"image-box.default\">\n\t\t\t\t\t<div class=\"elementor-image-box-wrapper\"><div class=\"elementor-image-box-content\"><h4 class=\"elementor-image-box-title\">R\u00e9paration de tous types de v\u00e9hicules \u00e9lectriques<\/h4><p class=\"elementor-image-box-description\">Des trottinettes aux e-bikes et scooters \u00e9lectriques, nos techniciens garantissent des r\u00e9sultats fiables.<\/p><\/div><\/div>\t\t\t\t<\/div>\n\t\t\t\t<div class=\"elementor-element elementor-element-ffddfa4 elementor-widget-divider--view-line elementor-widget elementor-widget-divider\" data-id=\"ffddfa4\" data-element_type=\"widget\" data-e-type=\"widget\" data-widget_type=\"divider.default\">\n\t\t\t\t\t\t\t<div class=\"elementor-divider\">\n\t\t\t<span class=\"elementor-divider-separator\">\n\t\t\t\t\t\t<\/span>\n\t\t<\/div>\n\t\t\t\t\t\t<\/div>\n\t\t\t\t<div class=\"elementor-element elementor-element-6c20d67 elementor-widget elementor-widget-image-box\" data-id=\"6c20d67\" data-element_type=\"widget\" data-e-type=\"widget\" data-widget_type=\"image-box.default\">\n\t\t\t\t\t<div class=\"elementor-image-box-wrapper\"><div class=\"elementor-image-box-content\"><h4 class=\"elementor-image-box-title\">Accueil sans rendez-vous<\/h4><p class=\"elementor-image-box-description\">Rendez-vous dans notre boutique et nos sp\u00e9cialistes vous accueilleront directement.<\/p><\/div><\/div>\t\t\t\t<\/div>\n\t\t\t\t<\/div>\n\t\t\t\t<\/div>\n\t\t\t\t<\/div>\n\t\t\t\t\t<\/div>\n\t\t\t\t<\/div>\n\t\t<div class=\"elementor-element elementor-element-68cf37f e-flex e-con-boxed e-con e-parent\" data-id=\"68cf37f\" data-element_type=\"container\" data-e-type=\"container\" data-settings=\"{&quot;background_background&quot;:&quot;classic&quot;}\">\n\t\t\t\t\t<div class=\"e-con-inner\">\n\t\t<div class=\"elementor-element elementor-element-9353f7b e-con-full e-flex e-con e-child\" data-id=\"9353f7b\" data-element_type=\"container\" data-e-type=\"container\">\n\t\t\t\t<div class=\"elementor-element elementor-element-73542d1 elementor-widget elementor-widget-heading\" data-id=\"73542d1\" data-element_type=\"widget\" data-e-type=\"widget\" data-widget_type=\"heading.default\">\n\t\t\t\t\t<h3 class=\"elementor-heading-title elementor-size-default\">Pr\u00eat \u00e0 r\u00e9parer votre v\u00e9hicule \u00e9lectrique\u202f? Contactez-nous d\u00e8s aujourd\u2019hui et b\u00e9n\u00e9ficiez imm\u00e9diatement d\u2019une assistance professionnelle.<\/h3>\t\t\t\t<\/div>\n\t\t\t\t<\/div>\n\t\t<div class=\"elementor-element elementor-element-ae58809 e-con-full e-flex e-con e-child\" data-id=\"ae58809\" data-element_type=\"container\" data-e-type=\"container\">\n\t\t\t\t<div class=\"elementor-element elementor-element-13a4e19 elementor-align-right elementor-mobile-align-center elementor-widget elementor-widget-button\" data-id=\"13a4e19\" data-element_type=\"widget\" data-e-type=\"widget\" data-widget_type=\"button.default\">\n\t\t\t\t\t\t\t\t\t\t<a class=\"elementor-button elementor-button-link elementor-size-sm\" href=\"https:\/\/electric.callfutur.com\/fr\/contacto\/\">\n\t\t\t\t\t\t<span class=\"elementor-button-content-wrapper\">\n\t\t\t\t\t\t\t\t\t<span class=\"elementor-button-text\">Envoyer le message<\/span>\n\t\t\t\t\t<\/span>\n\t\t\t\t\t<\/a>\n\t\t\t\t\t\t\t\t<\/div>\n\t\t\t\t<\/div>\n\t\t\t\t\t<\/div>\n\t\t\t\t<\/div>\n\t\t\t\t<\/div>\n\t\t","protected":false},"excerpt":{"rendered":"<p>R\u00c9PARATION DE V\u00c9HICULES \u00c9LECTRIQUES Des solutions rapides et fiables pour maintenir votre v\u00e9hicule \u00e9lectrique toujours en parfait \u00e9tat de fonctionnement. Demandez votre devis Votre v\u00e9hicule entre des mains expertes En Electric Motors, nous sommes sp\u00e9cialis\u00e9s dans la fourniture d\u2019un service complet et professionnel de r\u00e9paration de v\u00e9hicules \u00e9lectriques, con\u00e7u pour r\u00e9pondre \u00e0 tous vos besoins [&hellip;]<\/p>\n","protected":false},"author":1,"featured_media":0,"parent":0,"menu_order":0,"comment_status":"closed","ping_status":"closed","template":"","meta":{"site-sidebar-layout":"no-sidebar","site-content-layout":"page-builder","ast-site-content-layout":"default","site-content-style":"unboxed","site-sidebar-style":"default","ast-global-header-display":"","ast-banner-title-visibility":"","ast-main-header-display":"","ast-hfb-above-header-display":"","ast-hfb-below-header-display":"","ast-hfb-mobile-header-display":"","site-post-title":"disabled","ast-breadcrumbs-content":"","ast-featured-img":"disabled","footer-sml-layout":"","ast-disable-related-posts":"","theme-transparent-header-meta":"enabled","adv-header-id-meta":"","stick-header-meta":"","header-above-stick-meta":"","header-main-stick-meta":"","header-below-stick-meta":"","astra-migrate-meta-layouts":"default","ast-page-background-enabled":"default","ast-page-background-meta":{"desktop":{"background-color":"","background-image":"","background-repeat":"repeat","background-position":"center center","background-size":"auto","background-attachment":"scroll","background-type":"","background-media":"","overlay-type":"","overlay-color":"","overlay-opacity":"","overlay-gradient":""},"tablet":{"background-color":"","background-image":"","background-repeat":"repeat","background-position":"center center","background-size":"auto","background-attachment":"scroll","background-type":"","background-media":"","overlay-type":"","overlay-color":"","overlay-opacity":"","overlay-gradient":""},"mobile":{"background-color":"","background-image":"","background-repeat":"repeat","background-position":"center center","background-size":"auto","background-attachment":"scroll","background-type":"","background-media":"","overlay-type":"","overlay-color":"","overlay-opacity":"","overlay-gradient":""}},"ast-content-background-meta":{"desktop":{"background-color":"var(--ast-global-color-5)","background-image":"","background-repeat":"repeat","background-position":"center center","background-size":"auto","background-attachment":"scroll","background-type":"","background-media":"","overlay-type":"","overlay-color":"","overlay-opacity":"","overlay-gradient":""},"tablet":{"background-color":"var(--ast-global-color-5)","background-image":"","background-repeat":"repeat","background-position":"center center","background-size":"auto","background-attachment":"scroll","background-type":"","background-media":"","overlay-type":"","overlay-color":"","overlay-opacity":"","overlay-gradient":""},"mobile":{"background-color":"var(--ast-global-color-5)","background-image":"","background-repeat":"repeat","background-position":"center center","background-size":"auto","background-attachment":"scroll","background-type":"","background-media":"","overlay-type":"","overlay-color":"","overlay-opacity":"","overlay-gradient":""}},"footnotes":""},"class_list":["post-2351","page","type-page","status-publish","hentry"],"yoast_head":"<!-- This site is optimized with the Yoast SEO plugin v27.5 - https:\/\/yoast.com\/product\/yoast-seo-wordpress\/ -->\n<title>REPARACI\u00d3N - Electric Motors<\/title>\n<meta name=\"robots\" content=\"noindex, follow, max-snippet:-1, max-image-preview:large, max-video-preview:-1\" \/>\n<meta property=\"og:locale\" content=\"fr_FR\" \/>\n<meta property=\"og:type\" content=\"article\" \/>\n<meta property=\"og:title\" content=\"REPARACI\u00d3N - Electric Motors\" \/>\n<meta property=\"og:description\" content=\"R\u00c9PARATION DE V\u00c9HICULES \u00c9LECTRIQUES Des solutions rapides et fiables pour maintenir votre v\u00e9hicule \u00e9lectrique toujours en parfait \u00e9tat de fonctionnement. Demandez votre devis Votre v\u00e9hicule entre des mains expertes En Electric Motors, nous sommes sp\u00e9cialis\u00e9s dans la fourniture d\u2019un service complet et professionnel de r\u00e9paration de v\u00e9hicules \u00e9lectriques, con\u00e7u pour r\u00e9pondre \u00e0 tous vos besoins [&hellip;]\" \/>\n<meta property=\"og:url\" content=\"https:\/\/electric.callfutur.com\/fr\/repair\/\" \/>\n<meta property=\"og:site_name\" content=\"Electric Motors\" \/>\n<meta property=\"article:modified_time\" content=\"2026-03-01T16:06:19+00:00\" \/>\n<meta property=\"og:image\" content=\"https:\/\/electric.callfutur.com\/wp-content\/uploads\/2026\/02\/casual-male-posing-with-electric-scooter-1.webp\" \/>\n<meta name=\"twitter:card\" content=\"summary_large_image\" \/>\n<meta name=\"twitter:label1\" content=\"Dur\u00e9e de lecture estim\u00e9e\" \/>\n\t<meta name=\"twitter:data1\" content=\"2 minutes\" \/>\n<script type=\"application\/ld+json\" class=\"yoast-schema-graph\">{\"@context\":\"https:\\\/\\\/schema.org\",\"@graph\":[{\"@type\":\"WebPage\",\"@id\":\"https:\\\/\\\/electric.callfutur.com\\\/fr\\\/repair\\\/\",\"url\":\"https:\\\/\\\/electric.callfutur.com\\\/fr\\\/repair\\\/\",\"name\":\"REPARACI\u00d3N - Electric Motors\",\"isPartOf\":{\"@id\":\"https:\\\/\\\/electric.callfutur.com\\\/fr\\\/#website\"},\"primaryImageOfPage\":{\"@id\":\"https:\\\/\\\/electric.callfutur.com\\\/fr\\\/repair\\\/#primaryimage\"},\"image\":{\"@id\":\"https:\\\/\\\/electric.callfutur.com\\\/fr\\\/repair\\\/#primaryimage\"},\"thumbnailUrl\":\"https:\\\/\\\/electric.callfutur.com\\\/wp-content\\\/uploads\\\/2026\\\/02\\\/casual-male-posing-with-electric-scooter-1.webp\",\"datePublished\":\"2026-02-11T13:00:28+00:00\",\"dateModified\":\"2026-03-01T16:06:19+00:00\",\"breadcrumb\":{\"@id\":\"https:\\\/\\\/electric.callfutur.com\\\/fr\\\/repair\\\/#breadcrumb\"},\"inLanguage\":\"fr-FR\",\"potentialAction\":[{\"@type\":\"ReadAction\",\"target\":[\"https:\\\/\\\/electric.callfutur.com\\\/fr\\\/repair\\\/\"]}]},{\"@type\":\"ImageObject\",\"inLanguage\":\"fr-FR\",\"@id\":\"https:\\\/\\\/electric.callfutur.com\\\/fr\\\/repair\\\/#primaryimage\",\"url\":\"https:\\\/\\\/electric.callfutur.com\\\/wp-content\\\/uploads\\\/2026\\\/02\\\/casual-male-posing-with-electric-scooter-1.webp\",\"contentUrl\":\"https:\\\/\\\/electric.callfutur.com\\\/wp-content\\\/uploads\\\/2026\\\/02\\\/casual-male-posing-with-electric-scooter-1.webp\"},{\"@type\":\"BreadcrumbList\",\"@id\":\"https:\\\/\\\/electric.callfutur.com\\\/fr\\\/repair\\\/#breadcrumb\",\"itemListElement\":[{\"@type\":\"ListItem\",\"position\":1,\"name\":\"Portada\",\"item\":\"https:\\\/\\\/electric.callfutur.com\\\/fr\\\/\"},{\"@type\":\"ListItem\",\"position\":2,\"name\":\"REPARACI\u00d3N\"}]},{\"@type\":\"WebSite\",\"@id\":\"https:\\\/\\\/electric.callfutur.com\\\/fr\\\/#website\",\"url\":\"https:\\\/\\\/electric.callfutur.com\\\/fr\\\/\",\"name\":\"Electric Motors\",\"description\":\"Electrics vehicles\",\"publisher\":{\"@id\":\"https:\\\/\\\/electric.callfutur.com\\\/fr\\\/#organization\"},\"potentialAction\":[{\"@type\":\"SearchAction\",\"target\":{\"@type\":\"EntryPoint\",\"urlTemplate\":\"https:\\\/\\\/electric.callfutur.com\\\/fr\\\/?s={search_term_string}\"},\"query-input\":{\"@type\":\"PropertyValueSpecification\",\"valueRequired\":true,\"valueName\":\"search_term_string\"}}],\"inLanguage\":\"fr-FR\"},{\"@type\":\"Organization\",\"@id\":\"https:\\\/\\\/electric.callfutur.com\\\/fr\\\/#organization\",\"name\":\"Electric Motors\",\"url\":\"https:\\\/\\\/electric.callfutur.com\\\/fr\\\/\",\"logo\":{\"@type\":\"ImageObject\",\"inLanguage\":\"fr-FR\",\"@id\":\"https:\\\/\\\/electric.callfutur.com\\\/fr\\\/#\\\/schema\\\/logo\\\/image\\\/\",\"url\":\"https:\\\/\\\/electric.callfutur.com\\\/wp-content\\\/uploads\\\/2026\\\/02\\\/image-1-1.webp\",\"contentUrl\":\"https:\\\/\\\/electric.callfutur.com\\\/wp-content\\\/uploads\\\/2026\\\/02\\\/image-1-1.webp\",\"width\":350,\"height\":350,\"caption\":\"Electric Motors\"},\"image\":{\"@id\":\"https:\\\/\\\/electric.callfutur.com\\\/fr\\\/#\\\/schema\\\/logo\\\/image\\\/\"}}]}<\/script>\n<!-- \/ Yoast SEO plugin. -->","yoast_head_json":{"title":"REPARACI\u00d3N - Electric Motors","robots":{"index":"noindex","follow":"follow","max-snippet":"max-snippet:-1","max-image-preview":"max-image-preview:large","max-video-preview":"max-video-preview:-1"},"og_locale":"fr_FR","og_type":"article","og_title":"REPARACI\u00d3N - Electric Motors","og_description":"R\u00c9PARATION DE V\u00c9HICULES \u00c9LECTRIQUES Des solutions rapides et fiables pour maintenir votre v\u00e9hicule \u00e9lectrique toujours en parfait \u00e9tat de fonctionnement. Demandez votre devis Votre v\u00e9hicule entre des mains expertes En Electric Motors, nous sommes sp\u00e9cialis\u00e9s dans la fourniture d\u2019un service complet et professionnel de r\u00e9paration de v\u00e9hicules \u00e9lectriques, con\u00e7u pour r\u00e9pondre \u00e0 tous vos besoins [&hellip;]","og_url":"https:\/\/electric.callfutur.com\/fr\/repair\/","og_site_name":"Electric Motors","article_modified_time":"2026-03-01T16:06:19+00:00","og_image":[{"url":"https:\/\/electric.callfutur.com\/wp-content\/uploads\/2026\/02\/casual-male-posing-with-electric-scooter-1.webp","type":"","width":"","height":""}],"twitter_card":"summary_large_image","twitter_misc":{"Dur\u00e9e de lecture estim\u00e9e":"2 minutes"},"schema":{"@context":"https:\/\/schema.org","@graph":[{"@type":"WebPage","@id":"https:\/\/electric.callfutur.com\/fr\/repair\/","url":"https:\/\/electric.callfutur.com\/fr\/repair\/","name":"REPARACI\u00d3N - Electric Motors","isPartOf":{"@id":"https:\/\/electric.callfutur.com\/fr\/#website"},"primaryImageOfPage":{"@id":"https:\/\/electric.callfutur.com\/fr\/repair\/#primaryimage"},"image":{"@id":"https:\/\/electric.callfutur.com\/fr\/repair\/#primaryimage"},"thumbnailUrl":"https:\/\/electric.callfutur.com\/wp-content\/uploads\/2026\/02\/casual-male-posing-with-electric-scooter-1.webp","datePublished":"2026-02-11T13:00:28+00:00","dateModified":"2026-03-01T16:06:19+00:00","breadcrumb":{"@id":"https:\/\/electric.callfutur.com\/fr\/repair\/#breadcrumb"},"inLanguage":"fr-FR","potentialAction":[{"@type":"ReadAction","target":["https:\/\/electric.callfutur.com\/fr\/repair\/"]}]},{"@type":"ImageObject","inLanguage":"fr-FR","@id":"https:\/\/electric.callfutur.com\/fr\/repair\/#primaryimage","url":"https:\/\/electric.callfutur.com\/wp-content\/uploads\/2026\/02\/casual-male-posing-with-electric-scooter-1.webp","contentUrl":"https:\/\/electric.callfutur.com\/wp-content\/uploads\/2026\/02\/casual-male-posing-with-electric-scooter-1.webp"},{"@type":"BreadcrumbList","@id":"https:\/\/electric.callfutur.com\/fr\/repair\/#breadcrumb","itemListElement":[{"@type":"ListItem","position":1,"name":"Portada","item":"https:\/\/electric.callfutur.com\/fr\/"},{"@type":"ListItem","position":2,"name":"REPARACI\u00d3N"}]},{"@type":"WebSite","@id":"https:\/\/electric.callfutur.com\/fr\/#website","url":"https:\/\/electric.callfutur.com\/fr\/","name":"Electric Motors","description":"Electrics vehicles","publisher":{"@id":"https:\/\/electric.callfutur.com\/fr\/#organization"},"potentialAction":[{"@type":"SearchAction","target":{"@type":"EntryPoint","urlTemplate":"https:\/\/electric.callfutur.com\/fr\/?s={search_term_string}"},"query-input":{"@type":"PropertyValueSpecification","valueRequired":true,"valueName":"search_term_string"}}],"inLanguage":"fr-FR"},{"@type":"Organization","@id":"https:\/\/electric.callfutur.com\/fr\/#organization","name":"Electric Motors","url":"https:\/\/electric.callfutur.com\/fr\/","logo":{"@type":"ImageObject","inLanguage":"fr-FR","@id":"https:\/\/electric.callfutur.com\/fr\/#\/schema\/logo\/image\/","url":"https:\/\/electric.callfutur.com\/wp-content\/uploads\/2026\/02\/image-1-1.webp","contentUrl":"https:\/\/electric.callfutur.com\/wp-content\/uploads\/2026\/02\/image-1-1.webp","width":350,"height":350,"caption":"Electric Motors"},"image":{"@id":"https:\/\/electric.callfutur.com\/fr\/#\/schema\/logo\/image\/"}}]}},"_links":{"self":[{"href":"https:\/\/electric.callfutur.com\/fr\/wp-json\/wp\/v2\/pages\/2351","targetHints":{"allow":["GET"]}}],"collection":[{"href":"https:\/\/electric.callfutur.com\/fr\/wp-json\/wp\/v2\/pages"}],"about":[{"href":"https:\/\/electric.callfutur.com\/fr\/wp-json\/wp\/v2\/types\/page"}],"author":[{"embeddable":true,"href":"https:\/\/electric.callfutur.com\/fr\/wp-json\/wp\/v2\/users\/1"}],"replies":[{"embeddable":true,"href":"https:\/\/electric.callfutur.com\/fr\/wp-json\/wp\/v2\/comments?post=2351"}],"version-history":[{"count":2,"href":"https:\/\/electric.callfutur.com\/fr\/wp-json\/wp\/v2\/pages\/2351\/revisions"}],"predecessor-version":[{"id":2448,"href":"https:\/\/electric.callfutur.com\/fr\/wp-json\/wp\/v2\/pages\/2351\/revisions\/2448"}],"wp:attachment":[{"href":"https:\/\/electric.callfutur.com\/fr\/wp-json\/wp\/v2\/media?parent=2351"}],"curies":[{"name":"wp","href":"https:\/\/api.w.org\/{rel}","templated":true}]}}